{"id":296,"date":"2016-09-29T14:48:19","date_gmt":"2016-09-29T12:48:19","guid":{"rendered":"http:\/\/www.chb.cc\/lpms\/?page_id=296"},"modified":"2020-08-06T17:43:23","modified_gmt":"2020-08-06T15:43:23","slug":"lpm-home","status":"publish","type":"page","link":"https:\/\/www.lpms.chb.cc\/?page_id=296&lang=de","title":{"rendered":"LPM\u00ae Home"},"content":{"rendered":"\t\t<div data-elementor-type=\"wp-post\" data-elementor-id=\"296\" class=\"elementor elementor-296\">\n\t\t\t\t\t\t<section class=\"elementor-section elementor-top-section elementor-element elementor-element-92fb91c elementor-section-boxed elementor-section-height-default elementor-section-height-default\" data-id=\"92fb91c\" data-element_type=\"section\" data-e-type=\"section\">\n\t\t\t\t\t\t<div class=\"elementor-container elementor-column-gap-default\">\n\t\t\t\t\t<div class=\"elementor-column elementor-col-100 elementor-top-column elementor-element elementor-element-759a34c\" data-id=\"759a34c\" data-element_type=\"column\" data-e-type=\"column\">\n\t\t\t<div class=\"elementor-widget-wrap elementor-element-populated\">\n\t\t\t\t\t\t<div class=\"elementor-element elementor-element-a3aea5f elementor-widget elementor-widget-wp-widget-woocommerce_product_categories\" data-id=\"a3aea5f\" data-element_type=\"widget\" data-e-type=\"widget\" data-widget_type=\"wp-widget-woocommerce_product_categories.default\">\n\t\t\t\t<div class=\"elementor-widget-container\">\n\t\t\t\t\t<h5>Unsere Angebotspalette<\/h5><ul class=\"product-categories\"><li class=\"cat-item cat-item-35\"><a href=\"https:\/\/www.lpms.chb.cc\/?product_cat=cloud-application&lang=en\">Cloud Application<\/a><\/li>\n<li class=\"cat-item cat-item-39\"><a href=\"https:\/\/www.lpms.chb.cc\/?product_cat=training&lang=en\">Training<\/a><\/li>\n<li class=\"cat-item cat-item-41\"><a href=\"https:\/\/www.lpms.chb.cc\/?product_cat=consulting&lang=en\">Consulting<\/a><\/li>\n<li class=\"cat-item cat-item-43\"><a href=\"https:\/\/www.lpms.chb.cc\/?product_cat=coaching&lang=en\">Coaching<\/a><\/li>\n<li class=\"cat-item cat-item-45\"><a href=\"https:\/\/www.lpms.chb.cc\/?product_cat=service&lang=en\">Service<\/a><\/li>\n<li class=\"cat-item cat-item-47\"><a href=\"https:\/\/www.lpms.chb.cc\/?product_cat=speaker&lang=en\">Speaker<\/a><\/li>\n<li class=\"cat-item cat-item-52\"><a href=\"https:\/\/www.lpms.chb.cc\/?product_cat=betreuung&lang=de\">Betreuung<\/a><\/li>\n<li class=\"cat-item cat-item-54\"><a href=\"https:\/\/www.lpms.chb.cc\/?product_cat=beartung&lang=de\">Beratung<\/a><\/li>\n<li class=\"cat-item cat-item-56\"><a href=\"https:\/\/www.lpms.chb.cc\/?product_cat=service-de&lang=de\">Service<\/a><\/li>\n<li class=\"cat-item cat-item-58\"><a href=\"https:\/\/www.lpms.chb.cc\/?product_cat=vortrag&lang=de\">Vortrag<\/a><\/li>\n<li class=\"cat-item cat-item-60\"><a href=\"https:\/\/www.lpms.chb.cc\/?product_cat=seminare-einzelkurse&lang=de\">Seminare &amp; Einzelkurse<\/a><\/li>\n<li class=\"cat-item cat-item-62\"><a href=\"https:\/\/www.lpms.chb.cc\/?product_cat=cloud-anwendungen&lang=de\">Cloud Tools<\/a><\/li>\n<li class=\"cat-item cat-item-73\"><a href=\"https:\/\/www.lpms.chb.cc\/?product_cat=programme&lang=de\">Programme<\/a><\/li>\n<li class=\"cat-item cat-item-85\"><a href=\"https:\/\/www.lpms.chb.cc\/?product_cat=unkategorisiert-de&lang=de\">Unkategorisiert<\/a><\/li>\n<li class=\"cat-item cat-item-87\"><a href=\"https:\/\/www.lpms.chb.cc\/?product_cat=buecher&lang=de\">B\u00fccher<\/a><\/li>\n<li class=\"cat-item cat-item-89\"><a href=\"https:\/\/www.lpms.chb.cc\/?product_cat=fachbuecher&lang=de\">Fachb\u00fccher<\/a><\/li>\n<\/ul>\t\t\t\t<\/div>\n\t\t\t\t<\/div>\n\t\t\t\t\t<\/div>\n\t\t<\/div>\n\t\t\t\t\t<\/div>\n\t\t<\/section>\n\t\t\t\t<\/div>\n\t\t","protected":false},"excerpt":{"rendered":"","protected":false},"author":1,"featured_media":0,"parent":0,"menu_order":0,"comment_status":"closed","ping_status":"closed","template":"","meta":{"jetpack_post_was_ever_published":false,"footnotes":""},"class_list":["post-296","page","type-page","status-publish","hentry"],"jetpack_sharing_enabled":false,"jetpack_shortlink":"https:\/\/wp.me\/P7J2J4-4M","jetpack-related-posts":[{"id":4,"url":"https:\/\/www.lpms.chb.cc\/?page_id=4&lang=de","url_meta":{"origin":296,"position":0},"title":"LPM\u00ae Details","author":"mylpm","date":"Juli 15, 2016","format":false,"excerpt":"","rel":"","context":"\u00c4hnlicher Beitrag","block_context":{"text":"\u00c4hnlicher Beitrag","link":""},"img":{"alt_text":"","src":"","width":0,"height":0},"classes":[]},{"id":252,"url":"https:\/\/www.lpms.chb.cc\/?page_id=252&lang=de","url_meta":{"origin":296,"position":1},"title":"Shop-Partner","author":"mylpm","date":"August 7, 2016","format":false,"excerpt":"","rel":"","context":"\u00c4hnlicher Beitrag","block_context":{"text":"\u00c4hnlicher Beitrag","link":""},"img":{"alt_text":"","src":"","width":0,"height":0},"classes":[]},{"id":253,"url":"https:\/\/www.lpms.chb.cc\/?page_id=253&lang=de","url_meta":{"origin":296,"position":2},"title":"Registrieren","author":"mylpm","date":"August 7, 2016","format":false,"excerpt":"","rel":"","context":"\u00c4hnlicher Beitrag","block_context":{"text":"\u00c4hnlicher Beitrag","link":""},"img":{"alt_text":"","src":"","width":0,"height":0},"classes":[]},{"id":254,"url":"https:\/\/www.lpms.chb.cc\/?page_id=254&lang=de","url_meta":{"origin":296,"position":3},"title":"Affiliate Login","author":"mylpm","date":"August 7, 2016","format":false,"excerpt":"","rel":"","context":"\u00c4hnlicher Beitrag","block_context":{"text":"\u00c4hnlicher Beitrag","link":""},"img":{"alt_text":"","src":"","width":0,"height":0},"classes":[]},{"id":10,"url":"https:\/\/www.lpms.chb.cc\/?page_id=10&lang=de","url_meta":{"origin":296,"position":4},"title":"Impressum","author":"mylpm","date":"Juli 15, 2016","format":false,"excerpt":"Sogln Ltd., Inhaber: Christian Bernert 69 Great Hampton Street Birmingham B18 6EW United Kingdom Gesch\u00e4ftsf\u00fchrung: Christian Bernert Sogln Ltd. Telefonnummer: + 49 \u00a0162 \u00a02518570 Faxnummer: + 49 32223133244 E-Mailadresse: service @ lpm . academy Company Number: 8810216 Umsatzsteuer-Identifikationsnummer: DE237640623 Inhaltlich verantwortlich: Christian Bernert, Adresse wie oben. Haftungsausschluss Die\u00a0Sogln Ltd.\u00a0erstellt die\u2026","rel":"","context":"\u00c4hnlicher Beitrag","block_context":{"text":"\u00c4hnlicher Beitrag","link":""},"img":{"alt_text":"","src":"","width":0,"height":0},"classes":[]},{"id":14,"url":"https:\/\/www.lpms.chb.cc\/?page_id=14&lang=de","url_meta":{"origin":296,"position":5},"title":"Datenschutz","author":"mylpm","date":"Juli 15, 2016","format":false,"excerpt":"Datenschutzerkl\u00e4rung Diese Datenschutzerkl\u00e4rung kl\u00e4rt \u00fcber die Art, den Umfang und Zwecke der Erhebung und Verwendung von Daten der Besucher und Nutzer (nachfolgend zusammenfassend bezeichnet als \u201eNutzer\u201c) durch Sogln Ltd., Inhaber: Christian Bernert 69 Great Hampton Street,\u00a0Birmingham,\u00a0United Kingdom,\u00a0B18 6EW (nachfolgend \u201eAnbieter\u201c) als datenschutzrechtlich verantwortliche Stelle auf. Bei Fragen zum Datenschutz erreichen\u2026","rel":"","context":"\u00c4hnlicher Beitrag","block_context":{"text":"\u00c4hnlicher Beitrag","link":""},"img":{"alt_text":"","src":"","width":0,"height":0},"classes":[]}],"jetpack_likes_enabled":true,"_links":{"self":[{"href":"https:\/\/www.lpms.chb.cc\/index.php?rest_route=\/wp\/v2\/pages\/296","targetHints":{"allow":["GET"]}}],"collection":[{"href":"https:\/\/www.lpms.chb.cc\/index.php?rest_route=\/wp\/v2\/pages"}],"about":[{"href":"https:\/\/www.lpms.chb.cc\/index.php?rest_route=\/wp\/v2\/types\/page"}],"author":[{"embeddable":true,"href":"https:\/\/www.lpms.chb.cc\/index.php?rest_route=\/wp\/v2\/users\/1"}],"replies":[{"embeddable":true,"href":"https:\/\/www.lpms.chb.cc\/index.php?rest_route=%2Fwp%2Fv2%2Fcomments&post=296"}],"version-history":[{"count":13,"href":"https:\/\/www.lpms.chb.cc\/index.php?rest_route=\/wp\/v2\/pages\/296\/revisions"}],"predecessor-version":[{"id":3625,"href":"https:\/\/www.lpms.chb.cc\/index.php?rest_route=\/wp\/v2\/pages\/296\/revisions\/3625"}],"wp:attachment":[{"href":"https:\/\/www.lpms.chb.cc\/index.php?rest_route=%2Fwp%2Fv2%2Fmedia&parent=296"}],"curies":[{"name":"wp","href":"https:\/\/api.w.org\/{rel}","templated":true}]}}